{"id":7965,"date":"2023-06-08T12:59:27","date_gmt":"2023-06-08T10:59:27","guid":{"rendered":"https:\/\/colorservice.eu\/sistemas-de-distribucion-multilinea\/"},"modified":"2025-11-10T13:10:11","modified_gmt":"2025-11-10T11:10:11","slug":"sistemas-de-distribucion-multilinea","status":"publish","type":"page","link":"https:\/\/colorservice.eu\/es\/sistemas-de-distribucion-multilinea\/","title":{"rendered":"sistemas de distribuci\u00f3n multil\u00ednea"},"content":{"rendered":"\t\t<div data-elementor-type=\"wp-post\" data-elementor-id=\"7965\" class=\"elementor elementor-7965 elementor-2632\" data-elementor-post-type=\"page\">\n\t\t\t\t\t\t<section class=\"elementor-section elementor-top-section elementor-element elementor-element-7438d05 elementor-section-full_width elementor-section-height-min-height elementor-section-height-default elementor-section-items-middle\" data-id=\"7438d05\" data-element_type=\"section\" data-e-type=\"section\" data-settings=\"{&quot;background_background&quot;:&quot;video&quot;,&quot;background_video_link&quot;:&quot;https:\\\/\\\/youtu.be\\\/bvZLoV21tXw?t=1&quot;,&quot;background_play_on_mobile&quot;:&quot;yes&quot;,&quot;background_play_once&quot;:&quot;yes&quot;}\">\n\t\t\t\t\t\t\t\t<div class=\"elementor-background-video-container\">\n\t\t\t\t\t\t\t\t\t\t\t\t\t<div class=\"elementor-background-video-embed\" role=\"presentation\"><\/div>\n\t\t\t\t\t\t\t\t\t\t\t\t<\/div>\n\t\t\t\t\t\t\t\t\t<div class=\"elementor-background-overlay\"><\/div>\n\t\t\t\t\t\t\t<div class=\"elementor-container elementor-column-gap-no\">\n\t\t\t\t\t<div class=\"elementor-column elementor-col-100 elementor-top-column elementor-element elementor-element-a78aa8e\" data-id=\"a78aa8e\" data-element_type=\"column\" data-e-type=\"column\">\n\t\t\t<div class=\"elementor-widget-wrap\">\n\t\t\t\t\t\t\t<\/div>\n\t\t<\/div>\n\t\t\t\t\t<\/div>\n\t\t<\/section>\n\t\t\t\t<section class=\"elementor-section elementor-top-section elementor-element elementor-element-812b64b elementor-section-full_width elementor-section-height-default elementor-section-height-default\" data-id=\"812b64b\" data-element_type=\"section\" data-e-type=\"section\" data-settings=\"{&quot;background_background&quot;:&quot;classic&quot;}\">\n\t\t\t\t\t\t<div class=\"elementor-container elementor-column-gap-no\">\n\t\t\t\t\t<div class=\"elementor-column elementor-col-50 elementor-top-column elementor-element elementor-element-b936e4c\" data-id=\"b936e4c\" data-element_type=\"column\" data-e-type=\"column\">\n\t\t\t<div class=\"elementor-widget-wrap elementor-element-populated\">\n\t\t\t\t\t\t<div class=\"elementor-element elementor-element-bf9b251 elementor-widget elementor-widget-image\" data-id=\"bf9b251\" data-element_type=\"widget\" data-e-type=\"widget\" data-widget_type=\"image.default\">\n\t\t\t\t<div class=\"elementor-widget-container\">\n\t\t\t\t\t\t\t\t\t\t\t\t\t\t\t<img fetchpriority=\"high\" decoding=\"async\" width=\"500\" height=\"250\" src=\"https:\/\/colorservice.eu\/wp-content\/uploads\/2023\/06\/65.jpeg\" class=\"attachment-large size-large wp-image-7855\" alt=\"\" srcset=\"https:\/\/colorservice.eu\/wp-content\/uploads\/2023\/06\/65.jpeg 500w, https:\/\/colorservice.eu\/wp-content\/uploads\/2023\/06\/65-300x150.jpeg 300w\" sizes=\"(max-width: 500px) 100vw, 500px\" \/>\t\t\t\t\t\t\t\t\t\t\t\t\t\t\t<\/div>\n\t\t\t\t<\/div>\n\t\t\t\t\t<\/div>\n\t\t<\/div>\n\t\t\t\t<div class=\"elementor-column elementor-col-50 elementor-top-column elementor-element elementor-element-3182a6d\" data-id=\"3182a6d\" data-element_type=\"column\" data-e-type=\"column\">\n\t\t\t<div class=\"elementor-widget-wrap elementor-element-populated\">\n\t\t\t\t\t\t<section class=\"elementor-section elementor-inner-section elementor-element elementor-element-fbdcb42 elementor-section-boxed elementor-section-height-default elementor-section-height-default\" data-id=\"fbdcb42\" data-element_type=\"section\" data-e-type=\"section\">\n\t\t\t\t\t\t<div class=\"elementor-container elementor-column-gap-default\">\n\t\t\t\t\t<div class=\"elementor-column elementor-col-100 elementor-inner-column elementor-element elementor-element-3bebc7a\" data-id=\"3bebc7a\" data-element_type=\"column\" data-e-type=\"column\">\n\t\t\t<div class=\"elementor-widget-wrap elementor-element-populated\">\n\t\t\t\t\t\t<div class=\"elementor-element elementor-element-00a0f87 elementor-widget__width-initial elementor-widget elementor-widget-heading\" data-id=\"00a0f87\" data-element_type=\"widget\" data-e-type=\"widget\" data-widget_type=\"heading.default\">\n\t\t\t\t<div class=\"elementor-widget-container\">\n\t\t\t\t\t<h2 class=\"elementor-heading-title elementor-size-default\">Multil\u00ednea<\/h2>\t\t\t\t<\/div>\n\t\t\t\t<\/div>\n\t\t\t\t<div class=\"elementor-element elementor-element-0d1b489 animated-slow elementor-invisible elementor-widget elementor-widget-text-editor\" data-id=\"0d1b489\" data-element_type=\"widget\" data-e-type=\"widget\" data-settings=\"{&quot;_animation&quot;:&quot;fadeIn&quot;,&quot;_animation_delay&quot;:200}\" data-widget_type=\"text-editor.default\">\n\t\t\t\t<div class=\"elementor-widget-container\">\n\t\t\t\t\t\t\t\t\t<p>El sistema de distribuci\u00f3n multil\u00ednea es una creaci\u00f3n de Color Service y, desde hace dos d\u00e9cadas, ha demostrado ser el m\u00e9todo m\u00e1s seguro para alimentar productos a diferentes servicios. La instalaci\u00f3n cuenta con una l\u00ednea de tuber\u00edas independiente para cada destino. <\/p><p>Toda la red de tuber\u00edas se conecta a la placa de distribuci\u00f3n mediante un brazo m\u00f3vil que se acopla a la salida seleccionada para bombear el l\u00edquido hacia su destino. De este modo se garantizan est\u00e1ndares de lavado muy elevados y se elimina por completo el riesgo de contaminaci\u00f3n.<br>La cabeza de distribuci\u00f3n puede equiparse con un brazo doble, lo que permite la gran ventaja de las alimentaciones duales: dos destinos distintos pueden ser suministrados simult\u00e1neamente.  <\/p><p>Color Service recomienda encarecidamente este sistema para la distribuci\u00f3n de colorantes.<\/p>\t\t\t\t\t\t\t\t<\/div>\n\t\t\t\t<\/div>\n\t\t\t\t\t<\/div>\n\t\t<\/div>\n\t\t\t\t\t<\/div>\n\t\t<\/section>\n\t\t\t\t\t<\/div>\n\t\t<\/div>\n\t\t\t\t\t<\/div>\n\t\t<\/section>\n\t\t\t\t<\/div>\n\t\t","protected":false},"excerpt":{"rendered":"<p>Multil\u00ednea El sistema de distribuci\u00f3n multil\u00ednea es una creaci\u00f3n de Color Service y, desde hace dos d\u00e9cadas, ha demostrado ser el m\u00e9todo m\u00e1s seguro para alimentar productos a diferentes servicios. La instalaci\u00f3n cuenta con una l\u00ednea de tuber\u00edas independiente para cada destino. Toda la red de tuber\u00edas se conecta a la placa de distribuci\u00f3n mediante [&hellip;]<\/p>\n","protected":false},"author":1,"featured_media":0,"parent":0,"menu_order":0,"comment_status":"closed","ping_status":"closed","template":"","meta":{"inline_featured_image":false,"cybocfi_hide_featured_image":"","footnotes":""},"class_list":["post-7965","page","type-page","status-publish","hentry"],"yoast_head":"<!-- This site is optimized with the Yoast SEO plugin v27.4 - https:\/\/yoast.com\/product\/yoast-seo-wordpress\/ -->\n<title>sistemas de distribuci\u00f3n multil\u00ednea | ColorService<\/title>\n<meta name=\"description\" content=\"Automatic dosing systems made in Italy. Colorservice is leader in the development and production of automatic dosing and dissolving systems.\" \/>\n<meta name=\"robots\" content=\"index, follow, max-snippet:-1, max-image-preview:large, max-video-preview:-1\" \/>\n<link rel=\"canonical\" href=\"https:\/\/colorservice.eu\/es\/sistemas-de-distribucion-multilinea\/\" \/>\n<meta property=\"og:locale\" content=\"es_ES\" \/>\n<meta property=\"og:type\" content=\"article\" \/>\n<meta property=\"og:title\" content=\"sistemas de distribuci\u00f3n multil\u00ednea | ColorService\" \/>\n<meta property=\"og:description\" content=\"Automatic dosing systems made in Italy. Colorservice is leader in the development and production of automatic dosing and dissolving systems.\" \/>\n<meta property=\"og:url\" content=\"https:\/\/colorservice.eu\/es\/sistemas-de-distribucion-multilinea\/\" \/>\n<meta property=\"og:site_name\" content=\"ColorService\" \/>\n<meta property=\"article:publisher\" content=\"https:\/\/www.facebook.com\/COLORSERVICE-SRL-211176112238590\/\" \/>\n<meta property=\"article:modified_time\" content=\"2025-11-10T11:10:11+00:00\" \/>\n<meta property=\"og:image\" content=\"https:\/\/colorservice.eu\/wp-content\/uploads\/2023\/06\/65.jpeg\" \/>\n\t<meta property=\"og:image:width\" content=\"500\" \/>\n\t<meta property=\"og:image:height\" content=\"250\" \/>\n\t<meta property=\"og:image:type\" content=\"image\/jpeg\" \/>\n<meta name=\"twitter:card\" content=\"summary_large_image\" \/>\n<meta name=\"twitter:site\" content=\"@COLOR_SERVICE\" \/>\n<meta name=\"twitter:label1\" content=\"Tiempo de lectura\" \/>\n\t<meta name=\"twitter:data1\" content=\"1 minuto\" \/>\n<script type=\"application\/ld+json\" class=\"yoast-schema-graph\">{\"@context\":\"https:\\\/\\\/schema.org\",\"@graph\":[{\"@type\":\"WebPage\",\"@id\":\"https:\\\/\\\/colorservice.eu\\\/es\\\/sistemas-de-distribucion-multilinea\\\/\",\"url\":\"https:\\\/\\\/colorservice.eu\\\/es\\\/sistemas-de-distribucion-multilinea\\\/\",\"name\":\"sistemas de distribuci\u00f3n multil\u00ednea | ColorService\",\"isPartOf\":{\"@id\":\"https:\\\/\\\/colorservice.eu\\\/#website\"},\"primaryImageOfPage\":{\"@id\":\"https:\\\/\\\/colorservice.eu\\\/es\\\/sistemas-de-distribucion-multilinea\\\/#primaryimage\"},\"image\":{\"@id\":\"https:\\\/\\\/colorservice.eu\\\/es\\\/sistemas-de-distribucion-multilinea\\\/#primaryimage\"},\"thumbnailUrl\":\"https:\\\/\\\/colorservice.eu\\\/wp-content\\\/uploads\\\/2023\\\/06\\\/65.jpeg\",\"datePublished\":\"2023-06-08T10:59:27+00:00\",\"dateModified\":\"2025-11-10T11:10:11+00:00\",\"description\":\"Automatic dosing systems made in Italy. Colorservice is leader in the development and production of automatic dosing and dissolving systems.\",\"breadcrumb\":{\"@id\":\"https:\\\/\\\/colorservice.eu\\\/es\\\/sistemas-de-distribucion-multilinea\\\/#breadcrumb\"},\"inLanguage\":\"es\",\"potentialAction\":[{\"@type\":\"ReadAction\",\"target\":[\"https:\\\/\\\/colorservice.eu\\\/es\\\/sistemas-de-distribucion-multilinea\\\/\"]}]},{\"@type\":\"ImageObject\",\"inLanguage\":\"es\",\"@id\":\"https:\\\/\\\/colorservice.eu\\\/es\\\/sistemas-de-distribucion-multilinea\\\/#primaryimage\",\"url\":\"https:\\\/\\\/colorservice.eu\\\/wp-content\\\/uploads\\\/2023\\\/06\\\/65.jpeg\",\"contentUrl\":\"https:\\\/\\\/colorservice.eu\\\/wp-content\\\/uploads\\\/2023\\\/06\\\/65.jpeg\"},{\"@type\":\"BreadcrumbList\",\"@id\":\"https:\\\/\\\/colorservice.eu\\\/es\\\/sistemas-de-distribucion-multilinea\\\/#breadcrumb\",\"itemListElement\":[{\"@type\":\"ListItem\",\"position\":1,\"name\":\"Home\",\"item\":\"https:\\\/\\\/colorservice.eu\\\/es\\\/colorservice-automatic-dosing-systems\\\/\"},{\"@type\":\"ListItem\",\"position\":2,\"name\":\"sistemas de distribuci\u00f3n multil\u00ednea\"}]},{\"@type\":\"WebSite\",\"@id\":\"https:\\\/\\\/colorservice.eu\\\/#website\",\"url\":\"https:\\\/\\\/colorservice.eu\\\/\",\"name\":\"Color Service\",\"description\":\"Dosing Technologies\",\"publisher\":{\"@id\":\"https:\\\/\\\/colorservice.eu\\\/#organization\"},\"alternateName\":\"ColorService\",\"potentialAction\":[{\"@type\":\"SearchAction\",\"target\":{\"@type\":\"EntryPoint\",\"urlTemplate\":\"https:\\\/\\\/colorservice.eu\\\/?s={search_term_string}\"},\"query-input\":{\"@type\":\"PropertyValueSpecification\",\"valueRequired\":true,\"valueName\":\"search_term_string\"}}],\"inLanguage\":\"es\"},{\"@type\":\"Organization\",\"@id\":\"https:\\\/\\\/colorservice.eu\\\/#organization\",\"name\":\"Color Service\",\"alternateName\":\"ColorService\",\"url\":\"https:\\\/\\\/colorservice.eu\\\/\",\"logo\":{\"@type\":\"ImageObject\",\"inLanguage\":\"es\",\"@id\":\"https:\\\/\\\/colorservice.eu\\\/#\\\/schema\\\/logo\\\/image\\\/\",\"url\":\"https:\\\/\\\/colorservice.eu\\\/wp-content\\\/uploads\\\/2023\\\/05\\\/logo-colorservice-2.png\",\"contentUrl\":\"https:\\\/\\\/colorservice.eu\\\/wp-content\\\/uploads\\\/2023\\\/05\\\/logo-colorservice-2.png\",\"width\":300,\"height\":125,\"caption\":\"Color Service\"},\"image\":{\"@id\":\"https:\\\/\\\/colorservice.eu\\\/#\\\/schema\\\/logo\\\/image\\\/\"},\"sameAs\":[\"https:\\\/\\\/www.facebook.com\\\/COLORSERVICE-SRL-211176112238590\\\/\",\"https:\\\/\\\/x.com\\\/COLOR_SERVICE\",\"https:\\\/\\\/www.linkedin.com\\\/company\\\/color-service-srl\\\/\",\"https:\\\/\\\/www.youtube.com\\\/channel\\\/UCVINe1VWmXmK4k4af4A7m5g\"]}]}<\/script>\n<!-- \/ Yoast SEO plugin. -->","yoast_head_json":{"title":"sistemas de distribuci\u00f3n multil\u00ednea | ColorService","description":"Automatic dosing systems made in Italy. Colorservice is leader in the development and production of automatic dosing and dissolving systems.","robots":{"index":"index","follow":"follow","max-snippet":"max-snippet:-1","max-image-preview":"max-image-preview:large","max-video-preview":"max-video-preview:-1"},"canonical":"https:\/\/colorservice.eu\/es\/sistemas-de-distribucion-multilinea\/","og_locale":"es_ES","og_type":"article","og_title":"sistemas de distribuci\u00f3n multil\u00ednea | ColorService","og_description":"Automatic dosing systems made in Italy. Colorservice is leader in the development and production of automatic dosing and dissolving systems.","og_url":"https:\/\/colorservice.eu\/es\/sistemas-de-distribucion-multilinea\/","og_site_name":"ColorService","article_publisher":"https:\/\/www.facebook.com\/COLORSERVICE-SRL-211176112238590\/","article_modified_time":"2025-11-10T11:10:11+00:00","og_image":[{"width":500,"height":250,"url":"https:\/\/colorservice.eu\/wp-content\/uploads\/2023\/06\/65.jpeg","type":"image\/jpeg"}],"twitter_card":"summary_large_image","twitter_site":"@COLOR_SERVICE","twitter_misc":{"Tiempo de lectura":"1 minuto"},"schema":{"@context":"https:\/\/schema.org","@graph":[{"@type":"WebPage","@id":"https:\/\/colorservice.eu\/es\/sistemas-de-distribucion-multilinea\/","url":"https:\/\/colorservice.eu\/es\/sistemas-de-distribucion-multilinea\/","name":"sistemas de distribuci\u00f3n multil\u00ednea | ColorService","isPartOf":{"@id":"https:\/\/colorservice.eu\/#website"},"primaryImageOfPage":{"@id":"https:\/\/colorservice.eu\/es\/sistemas-de-distribucion-multilinea\/#primaryimage"},"image":{"@id":"https:\/\/colorservice.eu\/es\/sistemas-de-distribucion-multilinea\/#primaryimage"},"thumbnailUrl":"https:\/\/colorservice.eu\/wp-content\/uploads\/2023\/06\/65.jpeg","datePublished":"2023-06-08T10:59:27+00:00","dateModified":"2025-11-10T11:10:11+00:00","description":"Automatic dosing systems made in Italy. Colorservice is leader in the development and production of automatic dosing and dissolving systems.","breadcrumb":{"@id":"https:\/\/colorservice.eu\/es\/sistemas-de-distribucion-multilinea\/#breadcrumb"},"inLanguage":"es","potentialAction":[{"@type":"ReadAction","target":["https:\/\/colorservice.eu\/es\/sistemas-de-distribucion-multilinea\/"]}]},{"@type":"ImageObject","inLanguage":"es","@id":"https:\/\/colorservice.eu\/es\/sistemas-de-distribucion-multilinea\/#primaryimage","url":"https:\/\/colorservice.eu\/wp-content\/uploads\/2023\/06\/65.jpeg","contentUrl":"https:\/\/colorservice.eu\/wp-content\/uploads\/2023\/06\/65.jpeg"},{"@type":"BreadcrumbList","@id":"https:\/\/colorservice.eu\/es\/sistemas-de-distribucion-multilinea\/#breadcrumb","itemListElement":[{"@type":"ListItem","position":1,"name":"Home","item":"https:\/\/colorservice.eu\/es\/colorservice-automatic-dosing-systems\/"},{"@type":"ListItem","position":2,"name":"sistemas de distribuci\u00f3n multil\u00ednea"}]},{"@type":"WebSite","@id":"https:\/\/colorservice.eu\/#website","url":"https:\/\/colorservice.eu\/","name":"Color Service","description":"Dosing Technologies","publisher":{"@id":"https:\/\/colorservice.eu\/#organization"},"alternateName":"ColorService","potentialAction":[{"@type":"SearchAction","target":{"@type":"EntryPoint","urlTemplate":"https:\/\/colorservice.eu\/?s={search_term_string}"},"query-input":{"@type":"PropertyValueSpecification","valueRequired":true,"valueName":"search_term_string"}}],"inLanguage":"es"},{"@type":"Organization","@id":"https:\/\/colorservice.eu\/#organization","name":"Color Service","alternateName":"ColorService","url":"https:\/\/colorservice.eu\/","logo":{"@type":"ImageObject","inLanguage":"es","@id":"https:\/\/colorservice.eu\/#\/schema\/logo\/image\/","url":"https:\/\/colorservice.eu\/wp-content\/uploads\/2023\/05\/logo-colorservice-2.png","contentUrl":"https:\/\/colorservice.eu\/wp-content\/uploads\/2023\/05\/logo-colorservice-2.png","width":300,"height":125,"caption":"Color Service"},"image":{"@id":"https:\/\/colorservice.eu\/#\/schema\/logo\/image\/"},"sameAs":["https:\/\/www.facebook.com\/COLORSERVICE-SRL-211176112238590\/","https:\/\/x.com\/COLOR_SERVICE","https:\/\/www.linkedin.com\/company\/color-service-srl\/","https:\/\/www.youtube.com\/channel\/UCVINe1VWmXmK4k4af4A7m5g"]}]}},"_links":{"self":[{"href":"https:\/\/colorservice.eu\/es\/wp-json\/wp\/v2\/pages\/7965","targetHints":{"allow":["GET"]}}],"collection":[{"href":"https:\/\/colorservice.eu\/es\/wp-json\/wp\/v2\/pages"}],"about":[{"href":"https:\/\/colorservice.eu\/es\/wp-json\/wp\/v2\/types\/page"}],"author":[{"embeddable":true,"href":"https:\/\/colorservice.eu\/es\/wp-json\/wp\/v2\/users\/1"}],"replies":[{"embeddable":true,"href":"https:\/\/colorservice.eu\/es\/wp-json\/wp\/v2\/comments?post=7965"}],"version-history":[{"count":1,"href":"https:\/\/colorservice.eu\/es\/wp-json\/wp\/v2\/pages\/7965\/revisions"}],"predecessor-version":[{"id":7966,"href":"https:\/\/colorservice.eu\/es\/wp-json\/wp\/v2\/pages\/7965\/revisions\/7966"}],"wp:attachment":[{"href":"https:\/\/colorservice.eu\/es\/wp-json\/wp\/v2\/media?parent=7965"}],"curies":[{"name":"wp","href":"https:\/\/api.w.org\/{rel}","templated":true}]}}